{"id":23593,"date":"2024-09-23T16:01:38","date_gmt":"2024-09-23T16:01:38","guid":{"rendered":"https:\/\/www.caff.es\/cookies-policy\/"},"modified":"2025-10-06T14:05:46","modified_gmt":"2025-10-06T14:05:46","slug":"cookies-policy","status":"publish","type":"page","link":"https:\/\/www.caff.es\/en\/cookies-policy\/","title":{"rendered":"Cookies Policy"},"content":{"rendered":"\t\t<div data-elementor-type=\"wp-page\" data-elementor-id=\"23593\" class=\"elementor elementor-23593 elementor-22462\" data-elementor-post-type=\"page\">\n\t\t\t\t<div class=\"elementor-element elementor-element-eeacde3 e-flex e-con-boxed sc_inner_width_none sc_layouts_column_icons_position_left e-con e-parent\" data-id=\"eeacde3\" data-element_type=\"container\" data-e-type=\"container\" data-settings=\"{&quot;background_background&quot;:&quot;classic&quot;}\">\n\t\t\t\t\t<div class=\"e-con-inner\">\n\t\t\t\t<div class=\"elementor-element elementor-element-3a60015 sc_fly_static elementor-widget elementor-widget-heading\" data-id=\"3a60015\" data-element_type=\"widget\" data-e-type=\"widget\" data-widget_type=\"heading.default\">\n\t\t\t\t<div class=\"elementor-widget-container\">\n\t\t\t\t\t<h2 class=\"elementor-heading-title elementor-size-default\">Cookies Policy<\/h2>\t\t\t\t<\/div>\n\t\t\t\t<\/div>\n\t\t\t\t<div class=\"elementor-element elementor-element-e3b872a elementor-view-default sc_fly_static elementor-widget elementor-widget-icon\" data-id=\"e3b872a\" data-element_type=\"widget\" data-e-type=\"widget\" data-widget_type=\"icon.default\">\n\t\t\t\t<div class=\"elementor-widget-container\">\n\t\t\t\t\t\t\t<div class=\"elementor-icon-wrapper\">\n\t\t\t<div class=\"elementor-icon\">\n\t\t\t<svg aria-hidden=\"true\" class=\"e-font-icon-svg e-fas-angle-down\" viewBox=\"0 0 320 512\" xmlns=\"http:\/\/www.w3.org\/2000\/svg\"><path d=\"M143 352.3L7 216.3c-9.4-9.4-9.4-24.6 0-33.9l22.6-22.6c9.4-9.4 24.6-9.4 33.9 0l96.4 96.4 96.4-96.4c9.4-9.4 24.6-9.4 33.9 0l22.6 22.6c9.4 9.4 9.4 24.6 0 33.9l-136 136c-9.2 9.4-24.4 9.4-33.8 0z\"><\/path><\/svg>\t\t\t<\/div>\n\t\t<\/div>\n\t\t\t\t\t\t<\/div>\n\t\t\t\t<\/div>\n\t\t\t\t<div class=\"elementor-element elementor-element-b7bf3da sc_fly_static elementor-widget elementor-widget-text-editor\" data-id=\"b7bf3da\" data-element_type=\"widget\" data-e-type=\"widget\" data-widget_type=\"text-editor.default\">\n\t\t\t\t<div class=\"elementor-widget-container\">\n\t\t\t\t\t\t\t\t\t<ol>\n \t<li><strong data-start=\"73\" data-end=\"95\">COOKIE INFORMATION<\/strong>Due to the entry into force of the relevant amendment to the &#8220;Law on Information Society Services&#8221; (LSSICE) established by Royal Decree 13\/2012, it is mandatory to obtain the express consent of the user of all websites that use non-essential cookies, before they browse them.\n\n<strong data-start=\"379\" data-end=\"400\">WHAT ARE COOKIES?<\/strong>\n<p data-start=\"402\" data-end=\"638\">Cookies and other similar technologies such as local shared objects, flash cookies, or pixels are tools used by web servers to store and retrieve information about their visitors, as well as to ensure the proper functioning of the site.<\/p>\n<p data-start=\"640\" data-end=\"848\">By using these devices, the web server is able to remember some data concerning the user, such as their preferences for viewing the pages on that server, username and password, most interesting products, etc.<\/p>\n<strong data-start=\"855\" data-end=\"915\">COOKIES AFFECTED BY THE REGULATIONS AND EXEMPTED COOKIES<\/strong>\n\nAccording to the EU directive, cookies that require the user\u2019s informed consent are analytical, advertising, and affiliate cookies, with the exception of technical cookies and those necessary for the operation of the website or the provision of services expressly requested by the user.\n\n<strong data-start=\"1210\" data-end=\"1230\">TYPES OF COOKIES<\/strong>\n\n<strong data-start=\"1232\" data-end=\"1256\">ACCORDING TO PURPOSE<\/strong>\n<ul>\n \t<li><em><strong data-start=\"1260\" data-end=\"1296\">Technical and functional cookies<\/strong>: These allow the user to browse a website, platform, or application and use the different options or services available.<\/em><\/li>\n \t<li><em>\u00a0<\/em><\/li>\n \t<li data-start=\"1421\" data-end=\"1802\">\n<p data-start=\"1423\" data-end=\"1802\"><strong data-start=\"1423\" data-end=\"1445\">Analytical cookies<\/strong>: These allow the party responsible for them to monitor and analyze the behavior of users on the websites they are linked to. The information collected through this type of cookie is used to measure website, application, or platform activity and to create user navigation profiles, in order to introduce improvements based on the analysis of the usage data.<\/p>\n<\/li>\n \t<li data-start=\"1804\" data-end=\"2115\">\n<p data-start=\"1806\" data-end=\"2115\"><strong data-start=\"1806\" data-end=\"1829\">Advertising cookies<\/strong>: These enable the most efficient management of advertising spaces, if any, that the publisher has included on a website, application, or platform from which the requested service is provided, based on criteria such as the edited content or the frequency in which the ads are displayed.<\/p>\n<\/li>\n \t<li data-start=\"2117\" data-end=\"2417\">\n<p data-start=\"2119\" data-end=\"2417\"><strong data-start=\"2119\" data-end=\"2153\">Behavioral advertising cookies<\/strong>: These collect information about the user\u2019s preferences and personal choices (retargeting) to enable efficient management of advertising spaces, if any, included by the publisher on a website, application, or platform from which the requested service is provided.<\/p>\n<\/li>\n \t<li data-start=\"2419\" data-end=\"2702\">\n<p data-start=\"2421\" data-end=\"2702\"><strong data-start=\"2421\" data-end=\"2439\">Social cookies<\/strong>: Set by social media platforms to allow you to share content with your friends and networks. Social media platforms have the ability to track your online activity outside the Services. This may affect the content and messages you see on other services you visit.<\/p>\n<\/li>\n \t<li data-start=\"2704\" data-end=\"2842\">\n<p data-start=\"2706\" data-end=\"2842\"><strong data-start=\"2706\" data-end=\"2727\">Affiliate cookies<\/strong>: These track visits from other websites with which the website has an affiliation agreement (affiliate companies).<\/p>\n<\/li>\n \t<li data-start=\"2844\" data-end=\"2992\">\n<p data-start=\"2846\" data-end=\"2992\"><strong data-start=\"2846\" data-end=\"2866\">Security cookies<\/strong>: These store encrypted information to prevent the data stored in them from being vulnerable to malicious third-party attacks.<\/p>\n<\/li>\n<\/ul>\n<strong data-start=\"2999\" data-end=\"3025\">ACCORDING TO OWNERSHIP<\/strong>\n<ul>\n \t<li><em>\u00a0<\/em><\/li>\n \t<li data-start=\"3027\" data-end=\"3185\">\n<p data-start=\"3029\" data-end=\"3185\"><strong data-start=\"3029\" data-end=\"3052\">First-party cookies<\/strong>: Sent to the user\u2019s terminal from a device or domain managed by the website editor and from which the requested service is provided.<\/p>\n<\/li>\n \t<li data-start=\"3187\" data-end=\"3372\">\n<p data-start=\"3189\" data-end=\"3372\"><strong data-start=\"3189\" data-end=\"3212\">Third-party cookies<\/strong>: Sent to the user\u2019s terminal from a device or domain not managed by the website editor, but by another entity that processes the data obtained through cookies.<\/p>\n<\/li>\n<\/ul>\n<strong data-start=\"3379\" data-end=\"3412\">ACCORDING TO STORAGE DURATION<\/strong>\n<ul>\n \t<li><em>\u00a0<\/em><\/li>\n \t<li data-start=\"3414\" data-end=\"3506\">\n<p data-start=\"3416\" data-end=\"3506\"><strong data-start=\"3416\" data-end=\"3435\">Session cookies<\/strong>: Designed to collect and store data while the user accesses a website.<\/p>\n<\/li>\n \t<li data-start=\"3508\" data-end=\"3695\">\n<p data-start=\"3510\" data-end=\"3695\"><strong data-start=\"3510\" data-end=\"3532\">Persistent cookies<\/strong>: Data remains stored in the terminal and can be accessed and processed for a period defined by the cookie controller, ranging from a few minutes to several years.<\/p>\n<\/li>\n<\/ul>\n<strong data-start=\"3702\" data-end=\"3733\">PROCESSING OF PERSONAL DATA<\/strong>\n<p data-start=\"3735\" data-end=\"3979\">CAFF S.L. is the Data Controller of the data subject\u2019s personal data and informs that this data will be processed in accordance with Regulation (EU) 2016\/679 of April 27, 2016 (GDPR), and therefore provides the following processing information:<\/p>\n\n<ul data-start=\"3981\" data-end=\"4394\">\n \t<li data-start=\"3981\" data-end=\"4070\">\n<p data-start=\"3983\" data-end=\"4070\"><strong data-start=\"3983\" data-end=\"4008\">Purpose of processing<\/strong>: As specified in the section on cookies used on this website.<\/p>\n<\/li>\n \t<li data-start=\"4072\" data-end=\"4153\">\n<p data-start=\"4074\" data-end=\"4153\"><strong data-start=\"4074\" data-end=\"4104\">Legal basis for processing<\/strong>: By consent of the data subject (Art. 6.1 GDPR).<\/p>\n<\/li>\n \t<li data-start=\"4155\" data-end=\"4245\">\n<p data-start=\"4157\" data-end=\"4245\"><strong data-start=\"4157\" data-end=\"4184\">Data retention criteria<\/strong>: As specified in the section on cookies used on the website.<\/p>\n<\/li>\n \t<li data-start=\"4247\" data-end=\"4394\">\n<p data-start=\"4249\" data-end=\"4394\"><strong data-start=\"4249\" data-end=\"4268\">Data disclosure<\/strong>: Data will not be disclosed to third parties, except in the case of cookies owned by third parties or where legally required.<\/p>\n<\/li>\n \t<li data-start=\"4247\" data-end=\"4394\">\n<p data-start=\"4401\" data-end=\"4432\"><strong data-start=\"4401\" data-end=\"4432\">Rights of the Data Subject:<\/strong><\/p>\n<p data-start=\"4434\" data-end=\"4757\">\u2013 The right to withdraw consent at any time.<br data-start=\"4478\" data-end=\"4481\" \/>\u2013 The right of access, rectification, portability, and deletion of their data, and to limit or oppose its processing.<br data-start=\"4598\" data-end=\"4601\" \/>\u2013 The right to lodge a complaint with the supervisory authority (<a class=\"decorated-link\" href=\"http:\/\/www.aepd.es\" target=\"_new\" rel=\"noopener\" data-start=\"4666\" data-end=\"4677\">www.aepd.es<\/a><\/p>\n<\/li>\n<\/ul>\n&nbsp;\n<p data-start=\"4759\" data-end=\"4803\"><strong data-start=\"4759\" data-end=\"4803\">Contact details to exercise your rights:<\/strong><\/p>\n<p data-start=\"4805\" data-end=\"4894\">CAFF S.L., Joan Mir\u00f3 8 \u2013 08930 Sant Adri\u00e0 de Bes\u00f2s (Barcelona).<br data-start=\"4868\" data-end=\"4871\" \/>E-mail: <a class=\"decorated-link cursor-pointer\" rel=\"noopener\" data-start=\"4879\" data-end=\"4894\">info@caffsl.com<\/a><\/p>\n&nbsp;\n\n<strong>COOKIES UTILIZADAS EN ESTE SITIO WEB<\/strong>\n\nDesde este panel podr\u00e1 configurar las cookies que el sitio web puede instalar en su navegador, excepto las cookies t\u00e9cnicas o funcionales que son necesarias para la navegaci\u00f3n y la utilizaci\u00f3n de las diferentes opciones o servicios que se ofrecen.\n<p data-start=\"4901\" data-end=\"4933\"><strong data-start=\"4901\" data-end=\"4933\">COOKIES USED ON THIS WEBSITE<\/strong><\/p>\n<p data-start=\"4935\" data-end=\"5156\">From this panel, you can configure the cookies that the website may install in your browser, except for technical or functional cookies which are necessary for browsing and using the different options or services offered.<\/p>\n<p data-start=\"5158\" data-end=\"5329\">The selected cookies indicate that the user authorizes their installation in their browser and the processing of data under the conditions reflected in the Cookies Policy.<\/p>\n<p data-start=\"5331\" data-end=\"5433\">The user may check or uncheck the selector as desired to accept or reject the installation of cookies.<\/p>\n&nbsp;\n\n<strong>COOKIES MANAGED BY THE EDITOR<\/strong>\n<table>\n  <thead>\n    <tr>\n      <th colspan=\"4\">Technical and Functional Cookies<\/th>\n    <\/tr>\n    <tr>\n      <th>Ownership<\/th>\n      <th>Cookie<\/th>\n      <th>Purpose<\/th>\n      <th>Duration<\/th>\n    <\/tr>\n  <\/thead>\n  <tbody>\n    <tr>\n      <td>caff.es<\/td>\n      <td>cookie_notice_accepted<\/td>\n      <td>&nbsp;<\/td>\n      <td>in 1 month<\/td>\n    <\/tr>\n    <tr>\n      <td>google.com<\/td>\n      <td>__Secure-3PSIDCC<\/td>\n      <td>&nbsp;<\/td>\n      <td>in 1 year<\/td>\n    <\/tr>\n    <tr>\n      <td>google.com<\/td>\n      <td>CONSENT<\/td>\n      <td>Google cookie consent tracker<\/td>\n      <td>in 17 years<\/td>\n    <\/tr>\n    <tr>\n      <td>google.com<\/td>\n      <td>SEARCH_SAMESITE<\/td>\n      <td>SameSite prevents the browser from sending this cookie along with cross-site requests. The main purpose is to mitigate the risk of cross-origin data leakage. It also provides some protection against cross-site request forgery attacks.<\/td>\n      <td>in 5 months<\/td>\n    <\/tr>\n    <tr>\n      <td>youtube.com<\/td>\n      <td>__Secure-3PSIDCC<\/td>\n      <td>&nbsp;<\/td>\n      <td>in 1 year<\/td>\n    <\/tr>\n    <tr>\n      <td>youtube.com<\/td>\n      <td>CONSENT<\/td>\n      <td>Google cookie consent tracker<\/td>\n      <td>in 17 years<\/td>\n    <\/tr>\n    <tr>\n      <td>youtube.com<\/td>\n      <td>LOGIN_INFO<\/td>\n      <td>Technical cookies for content playback<\/td>\n      <td>in 2 years<\/td>\n    <\/tr>\n    <tr>\n      <td>youtube.com<\/td>\n      <td>YSC<\/td>\n      <td>Registers a unique ID to keep statistics of which YouTube videos the user has watched.<\/td>\n      <td>Session<\/td>\n    <\/tr>\n  <\/tbody>\n<\/table>\n<table>\n  <thead>\n    <tr>\n      <th colspan=\"4\">Marketing<\/th>\n    <\/tr>\n    <tr>\n      <th>Ownership<\/th>\n      <th>Cookie<\/th>\n      <th>Purpose<\/th>\n      <th>Duration<\/th>\n    <\/tr>\n  <\/thead>\n  <tbody>\n    <tr>\n      <td>google.com<\/td>\n      <td>1P_JAR<\/td>\n      <td>These cookies are set via embedded YouTube videos. They record anonymous statistical data such as how many times the video is played and playback settings used.<\/td>\n      <td>in 1 month<\/td>\n    <\/tr>\n    <tr>\n      <td>google.com<\/td>\n      <td>ANID<\/td>\n      <td>Used by Google to make advertising more engaging for users and more valuable for publishers and advertisers.<\/td>\n      <td>in 4 months<\/td>\n    <\/tr>\n    <tr>\n      <td>google.com<\/td>\n      <td>APISID<\/td>\n      <td>Downloads certain Google tools and stores preferences such as the number of search results per page or SafeSearch filtering. Customizes ads shown in Google Search.<\/td>\n      <td>in 2 years<\/td>\n    <\/tr>\n    <tr>\n      <td>google.com<\/td>\n      <td>HSID<\/td>\n      <td>Downloads certain Google tools and stores preferences such as the number of search results per page or SafeSearch filtering. Customizes ads shown in Google Search.<\/td>\n      <td>in 2 years<\/td>\n    <\/tr>\n    <tr>\n      <td>google.com<\/td>\n      <td>NID<\/td>\n      <td>Used to collect website statistics, track conversion rates, and personalize Google ads.<\/td>\n      <td>in 5 months<\/td>\n    <\/tr>\n    <tr>\n      <td>google.com<\/td>\n      <td>SAPISID<\/td>\n      <td>Downloads certain Google tools and stores preferences such as the number of search results per page or SafeSearch filtering. Customizes ads shown in Google Search.<\/td>\n      <td>in 2 years<\/td>\n    <\/tr>\n    <tr>\n      <td>google.com<\/td>\n      <td>SID<\/td>\n      <td>Downloads certain Google tools and stores preferences such as the number of search results per page or SafeSearch filtering. Customizes ads shown in Google Search.<\/td>\n      <td>in 2 years<\/td>\n    <\/tr>\n    <tr>\n      <td>google.com<\/td>\n      <td>SIDCC<\/td>\n      <td>Downloads certain Google tools and stores preferences such as the number of search results per page or SafeSearch filtering. Customizes ads shown in Google Search.<\/td>\n      <td>in 1 year<\/td>\n    <\/tr>\n    <tr>\n      <td>google.com<\/td>\n      <td>SSID<\/td>\n      <td>Downloads certain Google tools and stores preferences such as the number of search results per page or SafeSearch filtering. Customizes ads shown in Google Search.<\/td>\n      <td>in 2 years<\/td>\n    <\/tr>\n    <tr>\n      <td>youtube.com<\/td>\n      <td>APISID<\/td>\n      <td>Downloads certain Google tools and stores preferences such as the number of search results per page or SafeSearch filtering. Customizes ads shown in Google Search.<\/td>\n      <td>in 2 years<\/td>\n    <\/tr>\n    <tr>\n      <td>youtube.com<\/td>\n      <td>HSID<\/td>\n      <td>Downloads certain Google tools and stores preferences such as the number of search results per page or SafeSearch filtering. Customizes ads shown in Google Search.<\/td>\n      <td>in 2 years<\/td>\n    <\/tr>\n    <tr>\n      <td>youtube.com<\/td>\n      <td>SAPISID<\/td>\n      <td>Downloads certain Google tools and stores preferences such as the number of search results per page or SafeSearch filtering. Customizes ads shown in Google Search.<\/td>\n      <td>in 2 years<\/td>\n    <\/tr>\n    <tr>\n      <td>youtube.com<\/td>\n      <td>SID<\/td>\n      <td>Downloads certain Google tools and stores preferences such as the number of search results per page or SafeSearch filtering. Customizes ads shown in Google Search.<\/td>\n      <td>in 2 years<\/td>\n    <\/tr>\n    <tr>\n      <td>youtube.com<\/td>\n      <td>SSID<\/td>\n      <td>Downloads certain Google tools and stores preferences such as the number of search results per page or SafeSearch filtering. Customizes ads shown in Google Search.<\/td>\n      <td>in 2 years<\/td>\n    <\/tr>\n    <tr>\n      <td>youtube.com<\/td>\n      <td>VISITOR_INFO1_LIVE<\/td>\n      <td>Tries to estimate the user&#8217;s bandwidth on pages with embedded YouTube videos.<\/td>\n      <td>in 6 months<\/td>\n    <\/tr>\n  <\/tbody>\n<\/table>\n<strong>THIRD-PARTY COOKIES<\/strong>\n\nThird-party services are outside the control of the website owner. Providers may change their terms of service, purpose, and use of cookies at any time.\n\n<strong>External providers on this website:<\/strong>\n<table>\n  <thead>\n    <tr>\n      <th>Provider<\/th>\n      <th>Privacy Policy<\/th>\n    <\/tr>\n  <\/thead>\n  <tbody>\n    <tr>\n      <td>Google Analytics<\/td>\n      <td><a href=\"https:\/\/privacy.google.com\/take-control.html\">https:\/\/privacy.google.com\/take-control.html<\/a><\/td>\n    <\/tr>\n    <tr>\n      <td>Google<\/td>\n      <td><a href=\"https:\/\/privacy.google.com\/take-control.html\">https:\/\/privacy.google.com\/take-control.html<\/a><\/td>\n    <\/tr>\n    <tr>\n      <td>Google<\/td>\n      <td><a href=\"https:\/\/safety.google\/privacy\/privacy-controls\/\">https:\/\/safety.google\/privacy\/privacy-controls\/<\/a><\/td>\n    <\/tr>\n    <tr>\n      <td>Youtube<\/td>\n      <td><a href=\"https:\/\/policies.google.com\/privacy\">https:\/\/policies.google.com\/privacy<\/a><\/td>\n    <\/tr>\n    <tr>\n      <td>Youtube<\/td>\n      <td><a href=\"https:\/\/privacy.google.com\/take-control.html\">https:\/\/privacy.google.com\/take-control.html<\/a><\/td>\n    <\/tr>\n  <\/tbody>\n<\/table>\n\n<table>\n  <thead>\n    <tr>\n      <th colspan=\"2\">HOW TO MANAGE COOKIES FROM YOUR BROWSER<\/th>\n    <\/tr>\n  <\/thead>\n  <tbody>\n    <tr>\n      <td>Delete cookies from the device<\/td>\n      <td>Cookies already stored on a device can be deleted by clearing the browser history, which removes cookies from all visited websites.  \n      However, some saved information may also be lost (e.g., login data or website preferences).<\/td>\n    <\/tr>\n    <tr>\n      <td>Manage specific site cookies<\/td>\n      <td>For more precise control over site-specific cookies, users can adjust their privacy and cookie settings in their browser.<\/td>\n    <\/tr>\n    <tr>\n      <td>Block cookies<\/td>\n      <td>Most modern browsers can be set to prevent cookies from being installed on the device.  \n      However, this may require manually adjusting certain preferences each time a site is visited, and some services or features may not function properly (e.g., profile logins).<\/td>\n    <\/tr>\n  <\/tbody>\n<\/table>\n\n<table>\n  <thead>\n    <tr>\n      <th colspan=\"2\">HOW TO DELETE COOKIES IN THE MOST COMMON BROWSERS<\/th>\n    <\/tr>\n  <\/thead>\n  <tbody>\n    <tr>\n      <td>Chrome<\/td>\n      <td><a href=\"http:\/\/support.google.com\/chrome\/answer\/95647?hl=es\">http:\/\/support.google.com\/chrome\/answer\/95647?hl=es<\/a><\/td>\n    <\/tr>\n    <tr>\n      <td>Internet Explorer. Version 11<\/td>\n      <td><a href=\"https:\/\/support.microsoft.com\/es-es\/help\/278835\/how-to-delete-cookie-files-in-internet-explorer\">https:\/\/support.microsoft.com\/es-es\/help\/278835\/how-to-delete-cookie-files-in-internet-explorer<\/a><\/td>\n    <\/tr>\n    <tr>\n      <td>Firefox. Version 65.0.1<\/td>\n      <td><a href=\"https:\/\/www.mozilla.org\/es-ES\/privacy\/websites\/#cookies\">https:\/\/www.mozilla.org\/es-ES\/privacy\/websites\/#cookies<\/a><\/td>\n    <\/tr>\n    <tr>\n      <td>Safari Version 5.1<\/td>\n      <td><a href=\"https:\/\/support.apple.com\/es-es\/guide\/safari\/sfri11471\/mac\">https:\/\/support.apple.com\/es-es\/guide\/safari\/sfri11471\/mac<\/a><\/td>\n    <\/tr>\n    <tr>\n      <td>Opera<\/td>\n      <td><a href=\"https:\/\/help.opera.com\/en\/latest\/security-and-privacy\/#clearBrowsingData\">https:\/\/help.opera.com\/en\/latest\/security-and-privacy\/#clearBrowsingData<\/a><\/td>\n    <\/tr>\n  <\/tbody>\n<\/table>\t\t\t\t\t\t\t\t<\/div>\n\t\t\t\t<\/div>\n\t\t\t\t\t<\/div>\n\t\t\t\t<\/div>\n\t\t<div class=\"elementor-element elementor-element-e58ecf4 e-flex e-con-boxed sc_inner_width_none sc_layouts_column_icons_position_left e-con e-parent\" data-id=\"e58ecf4\" data-element_type=\"container\" data-e-type=\"container\" data-settings=\"{&quot;background_background&quot;:&quot;classic&quot;}\">\n\t\t\t\t\t<div class=\"e-con-inner\">\n\t\t\t\t<div class=\"elementor-element elementor-element-273e9ea sc_fly_static elementor-widget elementor-widget-spacer\" data-id=\"273e9ea\" data-element_type=\"widget\" data-e-type=\"widget\" data-widget_type=\"spacer.default\">\n\t\t\t\t<div class=\"elementor-widget-container\">\n\t\t\t\t\t\t\t<div class=\"elementor-spacer\">\n\t\t\t<div class=\"elementor-spacer-inner\"><\/div>\n\t\t<\/div>\n\t\t\t\t\t\t<\/div>\n\t\t\t\t<\/div>\n\t\t\t\t\t<\/div>\n\t\t\t\t<\/div>\n\t\t\t\t<\/div>\n\t\t","protected":false},"excerpt":{"rendered":"<p>Cookies Policy COOKIE INFORMATIONDue to the entry into force of the relevant amendment to the&hellip;<\/p>\n","protected":false},"author":1,"featured_media":0,"parent":0,"menu_order":0,"comment_status":"closed","ping_status":"closed","template":"","meta":{"_acf_changed":false,"footnotes":""},"class_list":["post-23593","page","type-page","status-publish","hentry"],"acf":[],"_links":{"self":[{"href":"https:\/\/www.caff.es\/en\/wp-json\/wp\/v2\/pages\/23593","targetHints":{"allow":["GET"]}}],"collection":[{"href":"https:\/\/www.caff.es\/en\/wp-json\/wp\/v2\/pages"}],"about":[{"href":"https:\/\/www.caff.es\/en\/wp-json\/wp\/v2\/types\/page"}],"author":[{"embeddable":true,"href":"https:\/\/www.caff.es\/en\/wp-json\/wp\/v2\/users\/1"}],"replies":[{"embeddable":true,"href":"https:\/\/www.caff.es\/en\/wp-json\/wp\/v2\/comments?post=23593"}],"version-history":[{"count":0,"href":"https:\/\/www.caff.es\/en\/wp-json\/wp\/v2\/pages\/23593\/revisions"}],"wp:attachment":[{"href":"https:\/\/www.caff.es\/en\/wp-json\/wp\/v2\/media?parent=23593"}],"curies":[{"name":"wp","href":"https:\/\/api.w.org\/{rel}","templated":true}]}}