{"id":23580,"date":"2021-04-01T11:12:41","date_gmt":"2021-04-01T11:12:41","guid":{"rendered":"https:\/\/www.caff.es\/contacto\/"},"modified":"2025-10-23T07:22:18","modified_gmt":"2025-10-23T07:22:18","slug":"contact","status":"publish","type":"page","link":"https:\/\/www.caff.es\/en\/contact\/","title":{"rendered":"Contact"},"content":{"rendered":"\t\t<div data-elementor-type=\"wp-page\" data-elementor-id=\"23580\" class=\"elementor elementor-23580 elementor-1453\" data-elementor-post-type=\"page\">\n\t\t\t\t<div class=\"elementor-element elementor-element-2c734d08 e-grid e-con-boxed sc_inner_width_none sc_layouts_column_icons_position_left e-con e-parent\" data-id=\"2c734d08\" data-element_type=\"container\" data-e-type=\"container\">\n\t\t\t\t\t<div class=\"e-con-inner\">\n\t\t\t\t<div class=\"elementor-element elementor-element-421f808b sc_fly_static elementor-widget elementor-widget-heading\" data-id=\"421f808b\" data-element_type=\"widget\" data-e-type=\"widget\" data-widget_type=\"heading.default\">\n\t\t\t\t<div class=\"elementor-widget-container\">\n\t\t\t\t\t<h1 class=\"elementor-heading-title elementor-size-default\">Contact<\/h1>\t\t\t\t<\/div>\n\t\t\t\t<\/div>\n\t\t\t\t\t<\/div>\n\t\t\t\t<\/div>\n\t\t<div class=\"elementor-element elementor-element-66baf6da e-grid hide_bg_image_on_mobile e-con-boxed sc_inner_width_none sc_layouts_column_icons_position_left e-con e-parent\" data-id=\"66baf6da\" data-element_type=\"container\" data-e-type=\"container\">\n\t\t\t\t\t<div class=\"e-con-inner\">\n\t\t<div class=\"elementor-element elementor-element-3c078fb e-con-full e-flex sc_inner_width_none sc_layouts_column_icons_position_left e-con e-child\" data-id=\"3c078fb\" data-element_type=\"container\" data-e-type=\"container\" data-settings=\"{&quot;background_background&quot;:&quot;classic&quot;}\">\n\t\t\t\t<div class=\"elementor-element elementor-element-9510559 sc_fly_static elementor-widget elementor-widget-text-editor\" data-id=\"9510559\" data-element_type=\"widget\" data-e-type=\"widget\" data-widget_type=\"text-editor.default\">\n\t\t\t\t<div class=\"elementor-widget-container\">\n\t\t\t\t\t\t\t\t\t<p>To request the printed version of the catalogs or more information about our products, please contact us.<\/p>\t\t\t\t\t\t\t\t<\/div>\n\t\t\t\t<\/div>\n\t\t\t\t<div class=\"elementor-element elementor-element-6afe441f elementor-button-align-start elementor-tablet-button-align-end sc_fly_static elementor-widget elementor-widget-form\" data-id=\"6afe441f\" data-element_type=\"widget\" data-e-type=\"widget\" data-settings=\"{&quot;step_next_label&quot;:&quot;Next&quot;,&quot;step_previous_label&quot;:&quot;Previous&quot;,&quot;button_width&quot;:&quot;100&quot;,&quot;step_type&quot;:&quot;number_text&quot;,&quot;step_icon_shape&quot;:&quot;circle&quot;}\" data-widget_type=\"form.default\">\n\t\t\t\t<div class=\"elementor-widget-container\">\n\t\t\t\t\t\t\t<form class=\"elementor-form\" method=\"post\" name=\"Contact\">\n\t\t\t<input type=\"hidden\" name=\"post_id\" value=\"23580\"\/>\n\t\t\t<input type=\"hidden\" name=\"form_id\" value=\"6afe441f\"\/>\n\t\t\t<input type=\"hidden\" name=\"referer_title\" value=\"Contact\" \/>\n\n\t\t\t\t\t\t\t<input type=\"hidden\" name=\"queried_id\" value=\"23580\"\/>\n\t\t\t\n\t\t\t<div class=\"elementor-form-fields-wrapper elementor-labels-above\">\n\t\t\t\t\t\t\t\t<div class=\"elementor-field-type-text elementor-field-group elementor-column elementor-field-group-nombre elementor-col-100 elementor-md-50 elementor-field-required\">\n\t\t\t\t\t\t\t\t\t\t\t\t<label for=\"form-field-nombre\" class=\"elementor-field-label\">\n\t\t\t\t\t\t\t\tName\t\t\t\t\t\t\t<\/label>\n\t\t\t\t\t\t\t\t\t\t\t\t\t\t<input size=\"1\" type=\"text\" name=\"form_fields[nombre]\" id=\"form-field-nombre\" class=\"elementor-field elementor-size-md  elementor-field-textual\" required=\"required\" aria-required=\"true\">\n\t\t\t\t\t\t\t\t\t\t\t<\/div>\n\t\t\t\t\t\t\t\t<div class=\"elementor-field-type-email elementor-field-group elementor-column elementor-field-group-email elementor-col-100 elementor-md-50 elementor-field-required\">\n\t\t\t\t\t\t\t\t\t\t\t\t<label for=\"form-field-email\" class=\"elementor-field-label\">\n\t\t\t\t\t\t\t\tEmail\t\t\t\t\t\t\t<\/label>\n\t\t\t\t\t\t\t\t\t\t\t\t\t\t<input size=\"1\" type=\"email\" name=\"form_fields[email]\" id=\"form-field-email\" class=\"elementor-field elementor-size-md  elementor-field-textual\" required=\"required\" aria-required=\"true\">\n\t\t\t\t\t\t\t\t\t\t\t<\/div>\n\t\t\t\t\t\t\t\t<div class=\"elementor-field-type-textarea elementor-field-group elementor-column elementor-field-group-message elementor-col-100\">\n\t\t\t\t\t\t\t\t\t\t\t\t<label for=\"form-field-message\" class=\"elementor-field-label\">\n\t\t\t\t\t\t\t\tMessage\t\t\t\t\t\t\t<\/label>\n\t\t\t\t\t\t<textarea class=\"elementor-field-textual elementor-field  elementor-size-md\" name=\"form_fields[message]\" id=\"form-field-message\" rows=\"4\"><\/textarea>\t\t\t\t<\/div>\n\t\t\t\t\t\t\t\t<div class=\"elementor-field-type-html elementor-field-group elementor-column elementor-field-group-field_57698c4 elementor-col-100\">\n\t\t\t\t\t<p>CONSENT TO THE PROCESSING OF PERSONAL DATA<\/br>&gt;\nCAFF S.L. is responsible for the processing of the User's personal data and informs you that these data will be processed in accordance with the provisions of Regulation (EU) 2016\/679 of 27 April (GDPR) and the Organic Law 3\/2018 of 5 December (LOPDGDD), so you are provided with the following processing information:\nPurposes and legitimacy of the processing: maintaining a business relationship (for the legitimate interest of the responsible party, art. 6.1.f GDPR) and sending communications of products or services (with the consent of the data subject, art. 6.1.a GDPR).\nData retention criteria: data will be retained for no longer than necessary to maintain the purpose of processing or there are legal requirements that dictate their custody and when no longer necessary for this purpose, they will be deleted with appropriate security measures to ensure the anonymization of the data or the total destruction of the same.<p>\n<p>Communication of data: data will not be communicated to third parties, unless legally required.\nRights of the User:\n- Right to withdraw consent at any time.\n- Right of access, rectification, portability and deletion of your data, and limitation or opposition to their treatment.\n- Right to file a complaint with the supervisory authority (www.aepd.es) if you consider that the treatment does not comply with current regulations.\nContact details to exercise your rights:\nCAFF S.L.. Joan Miro, 8 - 08930 Sant Adri\u00e0 de Besos (Barcelona). E-mail: info@caffsl.com<p>\t\t\t\t<\/div>\n\t\t\t\t\t\t\t\t<div class=\"elementor-field-type-radio elementor-field-group elementor-column elementor-field-group-field_655c998 elementor-col-100 elementor-field-required\">\n\t\t\t\t\t<div class=\"elementor-field-subgroup  elementor-subgroup-inline\"><span class=\"elementor-field-option\"><input type=\"radio\" value=\"To continue you must agree that you have read and agree to the above clause.\" id=\"form-field-field_655c998-0\" name=\"form_fields[field_655c998]\" required=\"required\" aria-required=\"true\"> <label for=\"form-field-field_655c998-0\">To continue you must agree that you have read and agree to the above clause.<\/label><\/span><\/div>\t\t\t\t<\/div>\n\t\t\t\t\t\t\t\t<div class=\"elementor-field-type-html elementor-field-group elementor-column elementor-field-group-field_72ee5cc elementor-col-100\">\n\t\t\t\t\t(*) Required fields\t\t\t\t<\/div>\n\t\t\t\t\t\t\t\t<div class=\"elementor-field-type-recaptcha_v3 elementor-field-group elementor-column elementor-field-group-field_e5e0206 elementor-col-100 recaptcha_v3-bottomright\">\n\t\t\t\t\t<div class=\"elementor-field\" id=\"form-field-field_e5e0206\"><div class=\"elementor-g-recaptcha\" data-sitekey=\"6LcWz_8qAAAAAPJZpaLDBFvOvkdFx0eVCwBldbOs\" data-type=\"v3\" data-action=\"Form\" data-badge=\"bottomright\" data-size=\"invisible\"><\/div><\/div>\t\t\t\t<\/div>\n\t\t\t\t\t\t\t\t<div class=\"elementor-field-group elementor-column elementor-field-type-submit elementor-col-100 e-form__buttons\">\n\t\t\t\t\t<button class=\"elementor-button elementor-size-md\" type=\"submit\">\n\t\t\t\t\t\t<span class=\"elementor-button-content-wrapper\">\n\t\t\t\t\t\t\t\t\t\t\t\t\t\t\t\t\t\t\t\t\t\t<span class=\"elementor-button-text\">Send to<\/span>\n\t\t\t\t\t\t\t\t\t\t\t\t\t<\/span>\n\t\t\t\t\t<\/button>\n\t\t\t\t<\/div>\n\t\t\t<\/div>\n\t\t<\/form>\n\t\t\t\t\t\t<\/div>\n\t\t\t\t<\/div>\n\t\t\t\t<div class=\"elementor-element elementor-element-ac34d29 sc_fly_static elementor-widget elementor-widget-trx_sc_googlemap\" data-id=\"ac34d29\" data-element_type=\"widget\" data-e-type=\"widget\" data-widget_type=\"trx_sc_googlemap.default\">\n\t\t\t\t<div class=\"elementor-widget-container\">\n\t\t\t\t\t<div id=\"sc_googlemap_1035676417_wrap\" class=\"sc_googlemap_wrap\"><div id=\"sc_googlemap_1035676417\"\t\t\tclass=\"sc_item_content sc_map sc_googlemap sc_googlemap_default trx_addons_inline_166471855\"\n\t\t\t \t\t\tdata-zoom=\"15\"\n\t\t\tdata-center=\"41.430819201292856, 2.2297880000000005\"\n\t\t\tdata-style=\"default\"\n\t\t\tdata-cluster-icon=\"\"\n\t\t\t><iframe\n\t\t\t\t\t\tsrc=\"https:\/\/maps.google.com\/maps?t=m&output=embed&iwloc=near&z=15&q=Carrer+Joan+Mir%C3%B3%2C+8%2C+08930+Sant+Adri%C3%A0+de+Bes%C3%B2s%2C+Barcelona\"\n\t\t\t\t\t\taria-label=\"\"><\/iframe><\/div><\/div>\t\t\t\t<\/div>\n\t\t\t\t<\/div>\n\t\t\t\t<\/div>\n\t\t<div class=\"elementor-element elementor-element-21963378 e-flex e-con-boxed sc_inner_width_none sc_layouts_column_icons_position_left e-con e-child\" data-id=\"21963378\" data-element_type=\"container\" data-e-type=\"container\">\n\t\t\t\t\t<div class=\"e-con-inner\">\n\t\t\t\t<div class=\"elementor-element elementor-element-e3c7d36 elementor-position-inline-start elementor-view-default elementor-mobile-position-block-start sc_fly_static elementor-widget elementor-widget-icon-box\" data-id=\"e3c7d36\" data-element_type=\"widget\" data-e-type=\"widget\" data-widget_type=\"icon-box.default\">\n\t\t\t\t<div class=\"elementor-widget-container\">\n\t\t\t\t\t\t\t<div class=\"elementor-icon-box-wrapper\">\n\n\t\t\t\t\t\t<div class=\"elementor-icon-box-icon\">\n\t\t\t\t<span  class=\"elementor-icon\">\n\t\t\t\t<svg aria-hidden=\"true\" class=\"e-font-icon-svg e-far-building\" viewBox=\"0 0 448 512\" xmlns=\"http:\/\/www.w3.org\/2000\/svg\"><path d=\"M128 148v-40c0-6.6 5.4-12 12-12h40c6.6 0 12 5.4 12 12v40c0 6.6-5.4 12-12 12h-40c-6.6 0-12-5.4-12-12zm140 12h40c6.6 0 12-5.4 12-12v-40c0-6.6-5.4-12-12-12h-40c-6.6 0-12 5.4-12 12v40c0 6.6 5.4 12 12 12zm-128 96h40c6.6 0 12-5.4 12-12v-40c0-6.6-5.4-12-12-12h-40c-6.6 0-12 5.4-12 12v40c0 6.6 5.4 12 12 12zm128 0h40c6.6 0 12-5.4 12-12v-40c0-6.6-5.4-12-12-12h-40c-6.6 0-12 5.4-12 12v40c0 6.6 5.4 12 12 12zm-76 84v-40c0-6.6-5.4-12-12-12h-40c-6.6 0-12 5.4-12 12v40c0 6.6 5.4 12 12 12h40c6.6 0 12-5.4 12-12zm76 12h40c6.6 0 12-5.4 12-12v-40c0-6.6-5.4-12-12-12h-40c-6.6 0-12 5.4-12 12v40c0 6.6 5.4 12 12 12zm180 124v36H0v-36c0-6.6 5.4-12 12-12h19.5V24c0-13.3 10.7-24 24-24h337c13.3 0 24 10.7 24 24v440H436c6.6 0 12 5.4 12 12zM79.5 463H192v-67c0-6.6 5.4-12 12-12h40c6.6 0 12 5.4 12 12v67h112.5V49L80 48l-.5 415z\"><\/path><\/svg>\t\t\t\t<\/span>\n\t\t\t<\/div>\n\t\t\t\n\t\t\t\t\t\t<div class=\"elementor-icon-box-content\">\n\n\t\t\t\t\t\t\t\t\t<h3 class=\"elementor-icon-box-title\">\n\t\t\t\t\t\t<span  >\n\t\t\t\t\t\t\tOffices\t\t\t\t\t\t<\/span>\n\t\t\t\t\t<\/h3>\n\t\t\t\t\n\t\t\t\t\t\t\t\t\t<p class=\"elementor-icon-box-description\">\n\t\t\t\t\t\tAvda Torrassa 116 - 08930 - Sant Adri\u00e0 de Bes\u00f3s - BCN<\/br>\nTel.: 93\/462.16.91<\/br>\nFax:- 93\/462.06.66<\/br>\n<a title=\"info@caffsl.com\" href=\"mailto:info@caffsl.com\">info@caffsl.com<\/a>\t\t\t\t\t<\/p>\n\t\t\t\t\n\t\t\t<\/div>\n\t\t\t\n\t\t<\/div>\n\t\t\t\t\t\t<\/div>\n\t\t\t\t<\/div>\n\t\t\t\t<div class=\"elementor-element elementor-element-ac9573d sc_fly_static elementor-widget elementor-widget-text-editor\" data-id=\"ac9573d\" data-element_type=\"widget\" data-e-type=\"widget\" data-widget_type=\"text-editor.default\">\n\t\t\t\t<div class=\"elementor-widget-container\">\n\t\t\t\t\t\t\t\t\t<div class=\"table-contacto\"><div><strong>WAREHOUSE<\/strong><br \/>c\/ Joan Mir\u00f3, 8-10;08930 &#8211; Sant Adri\u00e0 de Bes\u00f3s<br \/>BCN<br \/>Tel.: 93\/462.20.97<br \/>Fax: 93\/462.09.62<\/div><div><strong>CENTRAL<\/strong><br \/>Parque Empresarial &#8220;El Molino&#8221;<br \/>Avda. de las Flores, 27<br \/>28970 &#8211; Humanes (MADRID)<br \/>Tel.: 91\/600.02.63<br \/>Fax: 91\/600.02.63<\/div><div><strong>ANDALUCIA<\/strong><br \/>Delegation of Malaga<br \/>P.I. San Luis c\/ Atenas, 24; 29006 &#8211; Malaga<br \/>Tel.: <span lang=\"ES\">952.038.560<\/span><br \/>Fax: <span lang=\"ES\">952.038.561<\/span><\/div><div><strong>SEVILLA<\/strong><br \/>Tel.: 954.25.56.75<br \/>Fax: 954.26.04.19<\/div><div><strong>LEVANTE<\/strong><br \/>C\/ Montcabrer, 5C<br \/>46960 &#8211; Aldaya (VALENCIA)<br \/>Tel.: 961.506.078<br \/>Fax: 961.505.479<\/div><div><strong>LEON<\/strong><br \/>c\/ San Antonio 17 P.I Villacedre<br \/>24009 &#8211; Le\u00f3n<br \/>Tel.: 987\/21.16.87<br \/>Fax: 987\/21.16.87<\/div><div><strong>PORTUGAL<\/strong>Rua Rog\u00e9rio Reynaud, 22, Loja 23<br \/>Centro Comercial Solmar<br \/>3080-251 FIGUEIRA DA FOZ<br \/>Tel.: 919 324 465<\/div><div><strong>PANAMA<\/strong>Pagua Internacional, S.A. France Field Calle 7 y 8<br \/>Manzana 36 Av.4 Colon Free Zone<br \/>Republic of Panama<br \/>Tel.: (+507) 3940679 &#8211; 68453219<\/div><\/div>\t\t\t\t\t\t\t\t<\/div>\n\t\t\t\t<\/div>\n\t\t\t\t\t<\/div>\n\t\t\t\t<\/div>\n\t\t\t\t\t<\/div>\n\t\t\t\t<\/div>\n\t\t<div class=\"elementor-element elementor-element-49ffe2f4 e-grid e-con-boxed sc_inner_width_none sc_layouts_column_icons_position_left e-con e-parent\" data-id=\"49ffe2f4\" data-element_type=\"container\" data-e-type=\"container\">\n\t\t\t\t\t<div class=\"e-con-inner\">\n\t\t\t\t<div class=\"elementor-element elementor-element-3a864035 sc_fly_static elementor-widget elementor-widget-spacer\" data-id=\"3a864035\" data-element_type=\"widget\" data-e-type=\"widget\" data-widget_type=\"spacer.default\">\n\t\t\t\t<div class=\"elementor-widget-container\">\n\t\t\t\t\t\t\t<div class=\"elementor-spacer\">\n\t\t\t<div class=\"elementor-spacer-inner\"><\/div>\n\t\t<\/div>\n\t\t\t\t\t\t<\/div>\n\t\t\t\t<\/div>\n\t\t\t\t\t<\/div>\n\t\t\t\t<\/div>\n\t\t\t\t<\/div>\n\t\t","protected":false},"excerpt":{"rendered":"<p>Contact To request the printed version of the catalogs or more information about our products,&hellip;<\/p>\n","protected":false},"author":1,"featured_media":0,"parent":0,"menu_order":0,"comment_status":"closed","ping_status":"closed","template":"","meta":{"_acf_changed":false,"footnotes":""},"class_list":["post-23580","page","type-page","status-publish","hentry"],"acf":[],"_links":{"self":[{"href":"https:\/\/www.caff.es\/en\/wp-json\/wp\/v2\/pages\/23580","targetHints":{"allow":["GET"]}}],"collection":[{"href":"https:\/\/www.caff.es\/en\/wp-json\/wp\/v2\/pages"}],"about":[{"href":"https:\/\/www.caff.es\/en\/wp-json\/wp\/v2\/types\/page"}],"author":[{"embeddable":true,"href":"https:\/\/www.caff.es\/en\/wp-json\/wp\/v2\/users\/1"}],"replies":[{"embeddable":true,"href":"https:\/\/www.caff.es\/en\/wp-json\/wp\/v2\/comments?post=23580"}],"version-history":[{"count":3,"href":"https:\/\/www.caff.es\/en\/wp-json\/wp\/v2\/pages\/23580\/revisions"}],"predecessor-version":[{"id":23855,"href":"https:\/\/www.caff.es\/en\/wp-json\/wp\/v2\/pages\/23580\/revisions\/23855"}],"wp:attachment":[{"href":"https:\/\/www.caff.es\/en\/wp-json\/wp\/v2\/media?parent=23580"}],"curies":[{"name":"wp","href":"https:\/\/api.w.org\/{rel}","templated":true}]}}